{"id":3188,"date":"2023-12-05T22:17:00","date_gmt":"2023-12-05T21:17:00","guid":{"rendered":"https:\/\/arenaslarios.net\/oscar-arenas-larios\/"},"modified":"2025-09-26T12:15:14","modified_gmt":"2025-09-26T10:15:14","slug":"oscar-arenas-larios","status":"publish","type":"page","link":"https:\/\/arenaslarios.net\/en\/","title":{"rendered":"Oscar Arenas Larios"},"content":{"rendered":"[vc_row type=&#8221;full_width_background&#8221; full_screen_row_position=&#8221;middle&#8221; column_margin=&#8221;custom&#8221; column_margin_custom=&#8221;5%&#8221; column_direction=&#8221;default&#8221; column_direction_tablet=&#8221;default&#8221; column_direction_phone=&#8221;default&#8221; scene_position=&#8221;center&#8221; top_padding=&#8221;8%&#8221; constrain_group_1=&#8221;yes&#8221; bottom_padding=&#8221;8%&#8221; text_color=&#8221;dark&#8221; text_align=&#8221;left&#8221; row_border_radius=&#8221;none&#8221; row_border_radius_applies=&#8221;bg&#8221; overflow=&#8221;visible&#8221; overlay_strength=&#8221;0.3&#8243; gradient_direction=&#8221;left_to_right&#8221; shape_divider_position=&#8221;bottom&#8221; bg_image_animation=&#8221;none&#8221; shape_type=&#8221;&#8221; gradient_type=&#8221;default&#8221;][vc_column column_padding=&#8221;no-extra-padding&#8221; column_padding_tablet=&#8221;inherit&#8221; column_padding_phone=&#8221;inherit&#8221; column_padding_position=&#8221;all&#8221; column_element_direction_desktop=&#8221;default&#8221; column_element_spacing=&#8221;default&#8221; desktop_text_alignment=&#8221;default&#8221; tablet_text_alignment=&#8221;default&#8221; phone_text_alignment=&#8221;default&#8221; sticky_content=&#8221;true&#8221; sticky_content_functionality=&#8221;css&#8221; sticky_content_alignment=&#8221;default&#8221; background_color_opacity=&#8221;1&#8243; background_hover_color_opacity=&#8221;1&#8243; column_backdrop_filter=&#8221;none&#8221; column_shadow=&#8221;none&#8221; column_border_radius=&#8221;none&#8221; column_link_target=&#8221;_self&#8221; column_position=&#8221;default&#8221; gradient_direction=&#8221;left_to_right&#8221; overlay_strength=&#8221;0.3&#8243; width=&#8221;1\/3&#8243; tablet_width_inherit=&#8221;default&#8221; animation_type=&#8221;default&#8221; bg_image_animation=&#8221;none&#8221; border_type=&#8221;simple&#8221; column_border_width=&#8221;none&#8221; column_border_style=&#8221;solid&#8221; column_padding_type=&#8221;default&#8221; gradient_type=&#8221;default&#8221; offset=&#8221;vc_col-xs-3 vc_hidden-xs&#8221;][image_with_animation image_url=&#8221;3184&#8243; image_size=&#8221;full&#8221; animation_type=&#8221;entrance&#8221; animation=&#8221;None&#8221; animation_movement_type=&#8221;transform_y&#8221; hover_animation=&#8221;none&#8221; alignment=&#8221;center&#8221; border_radius=&#8221;none&#8221; box_shadow=&#8221;none&#8221; image_loading=&#8221;default&#8221; max_width=&#8221;100%&#8221; max_width_mobile=&#8221;default&#8221;][\/vc_column][vc_column column_padding=&#8221;no-extra-padding&#8221; column_padding_tablet=&#8221;inherit&#8221; column_padding_phone=&#8221;inherit&#8221; column_padding_position=&#8221;all&#8221; column_element_direction_desktop=&#8221;default&#8221; column_element_spacing=&#8221;10px&#8221; desktop_text_alignment=&#8221;default&#8221; tablet_text_alignment=&#8221;default&#8221; phone_text_alignment=&#8221;default&#8221; background_color_opacity=&#8221;1&#8243; background_hover_color_opacity=&#8221;1&#8243; column_backdrop_filter=&#8221;none&#8221; column_shadow=&#8221;none&#8221; column_border_radius=&#8221;none&#8221; column_link_target=&#8221;_self&#8221; column_position=&#8221;default&#8221; gradient_direction=&#8221;left_to_right&#8221; overlay_strength=&#8221;0.3&#8243; width=&#8221;2\/3&#8243; tablet_width_inherit=&#8221;small_desktop&#8221; animation_type=&#8221;default&#8221; bg_image_animation=&#8221;none&#8221; border_type=&#8221;simple&#8221; column_border_width=&#8221;none&#8221; column_border_style=&#8221;solid&#8221; column_padding_type=&#8221;default&#8221; gradient_type=&#8221;default&#8221;][vc_column_text]\n<h2>Writer, strategy consultant, creative copywriter, professor.<\/h2>\n[\/vc_column_text][split_line_heading animation_type=&#8221;line-reveal-by-space&#8221; font_style=&#8221;h3&#8243; font_size_max=&#8221;90px&#8221; line_reveal_by_space_text_effect=&#8221;scroll-opacity-reveal&#8221; stagger_animation=&#8221;true&#8221; content_alignment=&#8221;default&#8221; mobile_content_alignment=&#8221;inherit&#8221; link_target=&#8221;_self&#8221; text_content=&#8221;My name is Oscar Arenas Larios.&#8221; font_size=&#8221;4.5vw&#8221; font_size_phone=&#8221;3em&#8221; font_line_height=&#8221;1.3&#8243; font_size_tablet=&#8221;7vw&#8221;][\/split_line_heading][split_line_heading animation_type=&#8221;line-reveal-by-space&#8221; font_style=&#8221;h3&#8243; font_size_max=&#8221;90px&#8221; line_reveal_by_space_text_effect=&#8221;scroll-opacity-reveal&#8221; stagger_animation=&#8221;true&#8221; content_alignment=&#8221;default&#8221; mobile_content_alignment=&#8221;inherit&#8221; link_target=&#8221;_self&#8221; text_content=&#8221;I aspire to be defined not by my words, but by my work,&#8221; font_size=&#8221;4.5vw&#8221; font_size_phone=&#8221;3em&#8221; font_line_height=&#8221;1.3&#8243; font_size_tablet=&#8221;7vw&#8221;][\/split_line_heading][divider line_type=&#8221;No Line&#8221; custom_height=&#8221;3vw&#8221;][split_line_heading animation_type=&#8221;line-reveal-by-space&#8221; font_style=&#8221;h3&#8243; font_size_max=&#8221;90px&#8221; line_reveal_by_space_text_effect=&#8221;scroll-opacity-reveal&#8221; stagger_animation=&#8221;true&#8221; content_alignment=&#8221;default&#8221; mobile_content_alignment=&#8221;inherit&#8221; link_target=&#8221;_self&#8221; text_content=&#8221;but, all things considered, it&#039;s all somewhat the same.&#8221; font_size=&#8221;4.5vw&#8221; font_size_phone=&#8221;3em&#8221; font_line_height=&#8221;1.3&#8243; font_size_tablet=&#8221;7vw&#8221;][\/split_line_heading][vc_column_text]I synthesize thoughts for restless minds, whether they are curious students or clients who place their trust in me. Words, stories, and mental models that are nothing more than a reflection of my creative process to accompany them in the most humble and inspiring way possible.<\/p>\n<p>On a more personal level, I am learning to grow vegetables, travel in my van, read and watch science fiction, and have the feeling that somehow all this speculative narrative is connected with what I do in my day to day.[\/vc_column_text][vc_row_inner column_margin=&#8221;default&#8221; column_direction=&#8221;default&#8221; column_direction_tablet=&#8221;default&#8221; column_direction_phone=&#8221;default&#8221; top_padding=&#8221;10%&#8221; top_padding_tablet=&#8221;5%&#8221; text_align=&#8221;left&#8221; row_position=&#8221;default&#8221; row_position_tablet=&#8221;inherit&#8221; row_position_phone=&#8221;inherit&#8221; overflow=&#8221;visible&#8221; pointer_events=&#8221;all&#8221;][vc_column_inner column_padding=&#8221;no-extra-padding&#8221; column_padding_tablet=&#8221;inherit&#8221; column_padding_phone=&#8221;inherit&#8221; column_padding_position=&#8221;all&#8221; column_element_direction_desktop=&#8221;default&#8221; column_element_spacing=&#8221;default&#8221; desktop_text_alignment=&#8221;default&#8221; tablet_text_alignment=&#8221;default&#8221; phone_text_alignment=&#8221;default&#8221; background_color_opacity=&#8221;1&#8243; background_hover_color_opacity=&#8221;1&#8243; column_backdrop_filter=&#8221;none&#8221; column_shadow=&#8221;none&#8221; column_border_radius=&#8221;none&#8221; column_link_target=&#8221;_self&#8221; overflow=&#8221;visible&#8221; gradient_direction=&#8221;left_to_right&#8221; overlay_strength=&#8221;0.3&#8243; width=&#8221;1\/2&#8243; tablet_width_inherit=&#8221;default&#8221; animation_type=&#8221;default&#8221; bg_image_animation=&#8221;none&#8221; border_type=&#8221;simple&#8221; column_border_width=&#8221;none&#8221; column_border_style=&#8221;solid&#8221;][vc_column_text]\n<h4>TEACHING<\/h4>\n[\/vc_column_text][vc_column_text]<a href=\"https:\/\/www.psicocreatividad.net\">Master in Psychocreativity<\/a> (Universitat Aut\u00f2noma de Barcelona)<\/p>\n<p><a href=\"https:\/\/www.lcibarcelona.com\/estudiar-diseno-grafico\/master-branding-identidad-corporativa\">Master in Branding and Brand Strategy<\/a> (LCI Barcelona)[\/vc_column_text][divider line_type=&#8221;No Line&#8221; custom_height=&#8221;15&#8243;][vc_text_separator title=&#8221;&#8221; color=&#8221;black&#8221; style=&#8221;dashed&#8221;][vc_column_text]\n<h4>PUBLISHED WORK<\/h4>\n[\/vc_column_text][vc_column_text]<a href=\"https:\/\/edicionssaloria.com\/home\/108-365-formas-de-pedir-trabajo.html\">365 formas de pedir trabajo<\/a><\/p>\n<p>Branca 2 (collaborative work)<\/p>\n<p><a href=\"https:\/\/pol-len.cat\/llibres\/la-fruita-del-dema\/\">La fruita del dem\u00e0<\/a> (collaborative work)<\/p>\n<p><a href=\"https:\/\/www.raigverdeditorial.cat\/cataleg\/sexe-fora-de-norma-literatura-erotica-feminista\/\">Sexe fora de norma<\/a> (2021) (collaborative work)<\/p>\n<p><a href=\"https:\/\/pol-len.cat\/llibres\/el-porc-del-dema\/\">El porc del dem\u00e0<\/a> (collaborative work)[\/vc_column_text][divider line_type=&#8221;No Line&#8221; custom_height=&#8221;15&#8243;][vc_text_separator title=&#8221;&#8221; color=&#8221;black&#8221; style=&#8221;dashed&#8221;][vc_column_text]\n<h4>FAILURES<\/h4>\n[\/vc_column_text][vc_column_text]Hemisferi dret (creativity blog in Catalan), Park&amp;Geller (project lab), UnCommon People (personal branding agency)[\/vc_column_text][divider line_type=&#8221;No Line&#8221; custom_height=&#8221;15&#8243;][\/vc_column_inner][vc_column_inner left_padding_desktop=&#8221;10%&#8221; left_padding_tablet=&#8221;0&#8243; column_element_direction_desktop=&#8221;default&#8221; column_element_spacing=&#8221;default&#8221; desktop_text_alignment=&#8221;default&#8221; tablet_text_alignment=&#8221;default&#8221; phone_text_alignment=&#8221;default&#8221; background_color_opacity=&#8221;1&#8243; background_hover_color_opacity=&#8221;1&#8243; column_backdrop_filter=&#8221;none&#8221; column_shadow=&#8221;none&#8221; column_border_radius=&#8221;none&#8221; column_link_target=&#8221;_self&#8221; overflow=&#8221;visible&#8221; gradient_direction=&#8221;left_to_right&#8221; overlay_strength=&#8221;0.3&#8243; width=&#8221;1\/2&#8243; tablet_width_inherit=&#8221;default&#8221; animation_type=&#8221;default&#8221; bg_image_animation=&#8221;none&#8221; border_type=&#8221;simple&#8221; column_border_width=&#8221;none&#8221; column_border_style=&#8221;solid&#8221; column_padding_type=&#8221;advanced&#8221; gradient_type=&#8221;default&#8221;][nectar_cta btn_style=&#8221;arrow-animation&#8221; heading_tag=&#8221;h4&#8243; button_color=&#8221;default&#8221; text_color=&#8221;#ff6de9&#8243; text_color_hover=&#8221;#ffc107&#8243; button_border_thickness=&#8221;0px&#8221; link_type=&#8221;regular&#8221; alignment=&#8221;left&#8221; alignment_tablet=&#8221;default&#8221; alignment_phone=&#8221;default&#8221; display=&#8221;block&#8221; display_tablet=&#8221;inherit&#8221; display_phone=&#8221;inherit&#8221; link_text=&#8221;See Portfolio&#8221; url=&#8221;https:\/\/arenaslarios.net\/portfolio\/&#8221;][divider line_type=&#8221;No Line&#8221; custom_height=&#8221;15&#8243;][vc_text_separator title=&#8221;&#8221; color=&#8221;black&#8221; style=&#8221;dashed&#8221;][vc_column_text]\n<h4>CLIENTS<\/h4>\n[\/vc_column_text][nectar_responsive_text]la Caixa, TMB, Nestl\u00e9, Gas Natural Fenosa, Ajuntament de Barcelona, Mattel, Panrico, Grupo Atresmedia, PokerStars, Fundaci\u00f3n Trinidad Alfonso, Natura Selection, Thinking Mu, <a href=\"https:\/\/arenaslarios.net\/portfolio\/margot-house-barcelona\/\">Margot House Barcelona<\/a>, BrainLang, Fundaci\u00f3 Pere Tarr\u00e9s, Grup Carrera, K\u00f3mpratelo, LifeFitness, OrigenOliva, Tram Barcelona, <a href=\"https:\/\/arenaslarios.net\/portfolio\/a-mina-orixe\/\">Pernod Ricard<\/a>, <a href=\"https:\/\/arenaslarios.net\/portfolio\/altabruma\/\">Industrias Licoreras de Guatemala<\/a>, Mo\u00ebt-Hennessy, <a href=\"https:\/\/arenaslarios.net\/portfolio\/dyc\/\">Beam Suntory<\/a>, BBVA, Consorci de la Salut i l\u2019Atenci\u00f3 Social de Catalunya, <a href=\"https:\/\/arenaslarios.net\/portfolio\/ahuyentalobos\/\">Grupo TGT<\/a>, Bayer, BusUp, Laboratorios Ordesa, <a href=\"https:\/\/arenaslarios.net\/portfolio\/5j\/\">Grupo Osborne<\/a>, Dermofarm, Incapto Coffee, Grifols, Redexis, <a href=\"https:\/\/arenaslarios.net\/portfolio\/keytel\/\">Grupo Hotusa<\/a>, la Sirena, Futbol Club Barcelona, Grupo Osborne, Grup Peralada, <a href=\"https:\/\/arenaslarios.net\/portfolio\/mesoestetic\/\">mesoestetic<\/a>, Selenta, <a href=\"https:\/\/arenaslarios.net\/portfolio\/mundial-ajedrez-2021\/\">FIDE<\/a>, Danone, Werfen, Pepsico, <a href=\"https:\/\/arenaslarios.net\/portfolio\/roca\/\">Roca<\/a>, Juv\u00e9&amp;Camps, Aqu\u00e0rium de Barcelona, Grup Claror, Grup Blasi, Grupo IAN, ICC (Internet Chess Club)[\/nectar_responsive_text][\/vc_column_inner][\/vc_row_inner][divider line_type=&#8221;No Line&#8221; custom_height=&#8221;15&#8243;][vc_column_text]\n<h2>While You&#8217;re Here, Subscribe to <a href=\"https:\/\/buttondown.email\/utonym\">Utonym<\/a>, My Newsletter<\/h2>\n[\/vc_column_text][vc_raw_html]PGZvcm0gYWN0aW9uPSJodHRwczovL2J1dHRvbmRvd24uZW1haWwvYXBpL2VtYWlscy9lbWJlZC1zdWJzY3JpYmUvdXRvbnltIiBtZXRob2Q9InBvc3QiIHRhcmdldD0icG9wdXB3aW5kb3ciIG9uc3VibWl0PSJ3aW5kb3cub3BlbignaHR0cHM6Ly9idXR0b25kb3duLmVtYWlsL3V0b255bScsICdwb3B1cHdpbmRvdycpIiBjbGFzcz0iZW1iZWRkYWJsZS1idXR0b25kb3duLWZvcm0iPgogIDxsYWJlbCBmb3I9ImJkLWVtYWlsIj5FbnRlciB5b3VyIGUtbWFpbDo8L2xhYmVsPgogIDxpbnB1dCB0eXBlPSJlbWFpbCIgbmFtZT0iZW1haWwiIGlkPSJiZC1lbWFpbCI+CiAgPGlucHV0IHR5cGU9InN1Ym1pdCIgdmFsdWU9IlN1YnNjcmliZSI+CiAgPHA+CiAgICA8YSBocmVmPSJodHRwczovL2J1dHRvbmRvd24uZW1haWwiIHRhcmdldD0iX2JsYW5rIj5Qb3dlcmVkIGJ5IEJ1dHRvbmRvd24uPC9hPgogIDwvcD4KPC9mb3JtPg==[\/vc_raw_html][\/vc_column][\/vc_row]\n","protected":false},"excerpt":{"rendered":"<p>[vc_row type=&#8221;full_width_background&#8221; full_screen_row_position=&#8221;middle&#8221; column_margin=&#8221;custom&#8221; column_margin_custom=&#8221;5%&#8221; column_direction=&#8221;default&#8221; column_direction_tablet=&#8221;default&#8221; column_direction_phone=&#8221;default&#8221; scene_position=&#8221;center&#8221; top_padding=&#8221;8%&#8221; constrain_group_1=&#8221;yes&#8221; bottom_padding=&#8221;8%&#8221; text_color=&#8221;dark&#8221; text_align=&#8221;left&#8221; row_border_radius=&#8221;none&#8221; row_border_radius_applies=&#8221;bg&#8221; overflow=&#8221;visible&#8221; overlay_strength=&#8221;0.3&#8243; gradient_direction=&#8221;left_to_right&#8221; shape_divider_position=&#8221;bottom&#8221; bg_image_animation=&#8221;none&#8221; shape_type=&#8221;&#8221; gradient_type=&#8221;default&#8221;][vc_column column_padding=&#8221;no-extra-padding&#8221; column_padding_tablet=&#8221;inherit&#8221; column_padding_phone=&#8221;inherit&#8221; column_padding_position=&#8221;all&#8221; column_element_direction_desktop=&#8221;default&#8221; column_element_spacing=&#8221;default&#8221; desktop_text_alignment=&#8221;default&#8221;&#8230;<\/p>\n","protected":false},"author":1,"featured_media":0,"parent":0,"menu_order":0,"comment_status":"closed","ping_status":"closed","template":"","meta":{"footnotes":""},"class_list":["post-3188","page","type-page","status-publish"],"yoast_head":"<!-- This site is optimized with the Yoast SEO plugin v27.4 - https:\/\/yoast.com\/product\/yoast-seo-wordpress\/ -->\n<title>Oscar Arenas Larios - Oscar Arenas Larios<\/title>\n<meta name=\"robots\" content=\"index, follow, max-snippet:-1, max-image-preview:large, max-video-preview:-1\" \/>\n<link rel=\"canonical\" href=\"https:\/\/arenaslarios.net\/en\/\" \/>\n<meta property=\"og:locale\" content=\"en_US\" \/>\n<meta property=\"og:type\" content=\"article\" \/>\n<meta property=\"og:title\" content=\"Oscar Arenas Larios - Oscar Arenas Larios\" \/>\n<meta property=\"og:description\" content=\"[vc_row type=&#8221;full_width_background&#8221; full_screen_row_position=&#8221;middle&#8221; column_margin=&#8221;custom&#8221; column_margin_custom=&#8221;5%&#8221; column_direction=&#8221;default&#8221; column_direction_tablet=&#8221;default&#8221; column_direction_phone=&#8221;default&#8221; scene_position=&#8221;center&#8221; top_padding=&#8221;8%&#8221; constrain_group_1=&#8221;yes&#8221; bottom_padding=&#8221;8%&#8221; text_color=&#8221;dark&#8221; text_align=&#8221;left&#8221; row_border_radius=&#8221;none&#8221; row_border_radius_applies=&#8221;bg&#8221; overflow=&#8221;visible&#8221; overlay_strength=&#8221;0.3&#8243; gradient_direction=&#8221;left_to_right&#8221; shape_divider_position=&#8221;bottom&#8221; bg_image_animation=&#8221;none&#8221; shape_type=&#8221;&#8221; gradient_type=&#8221;default&#8221;][vc_column column_padding=&#8221;no-extra-padding&#8221; column_padding_tablet=&#8221;inherit&#8221; column_padding_phone=&#8221;inherit&#8221; column_padding_position=&#8221;all&#8221; column_element_direction_desktop=&#8221;default&#8221; column_element_spacing=&#8221;default&#8221; desktop_text_alignment=&#8221;default&#8221;...\" \/>\n<meta property=\"og:url\" content=\"https:\/\/arenaslarios.net\/en\/\" \/>\n<meta property=\"og:site_name\" content=\"Oscar Arenas Larios\" \/>\n<meta property=\"article:modified_time\" content=\"2025-09-26T10:15:14+00:00\" \/>\n<meta name=\"twitter:card\" content=\"summary_large_image\" \/>\n<meta name=\"twitter:label1\" content=\"Est. reading time\" \/>\n\t<meta name=\"twitter:data1\" content=\"7 minutes\" \/>\n<script type=\"application\/ld+json\" class=\"yoast-schema-graph\">{\"@context\":\"https:\\\/\\\/schema.org\",\"@graph\":[{\"@type\":\"WebPage\",\"@id\":\"https:\\\/\\\/arenaslarios.net\\\/en\\\/\",\"url\":\"https:\\\/\\\/arenaslarios.net\\\/en\\\/\",\"name\":\"Oscar Arenas Larios - Oscar Arenas Larios\",\"isPartOf\":{\"@id\":\"https:\\\/\\\/arenaslarios.net\\\/en\\\/#website\"},\"datePublished\":\"2023-12-05T21:17:00+00:00\",\"dateModified\":\"2025-09-26T10:15:14+00:00\",\"breadcrumb\":{\"@id\":\"https:\\\/\\\/arenaslarios.net\\\/en\\\/#breadcrumb\"},\"inLanguage\":\"en-US\",\"potentialAction\":[{\"@type\":\"ReadAction\",\"target\":[\"https:\\\/\\\/arenaslarios.net\\\/en\\\/\"]}]},{\"@type\":\"BreadcrumbList\",\"@id\":\"https:\\\/\\\/arenaslarios.net\\\/en\\\/#breadcrumb\",\"itemListElement\":[{\"@type\":\"ListItem\",\"position\":1,\"name\":\"Portada\",\"item\":\"https:\\\/\\\/arenaslarios.net\\\/en\\\/oscar-arenas-larios\\\/\"},{\"@type\":\"ListItem\",\"position\":2,\"name\":\"Oscar Arenas Larios\"}]},{\"@type\":\"WebSite\",\"@id\":\"https:\\\/\\\/arenaslarios.net\\\/en\\\/#website\",\"url\":\"https:\\\/\\\/arenaslarios.net\\\/en\\\/\",\"name\":\"Oscar Arenas Larios\",\"description\":\"Innovative thinking &amp; creative writing\",\"potentialAction\":[{\"@type\":\"SearchAction\",\"target\":{\"@type\":\"EntryPoint\",\"urlTemplate\":\"https:\\\/\\\/arenaslarios.net\\\/en\\\/?s={search_term_string}\"},\"query-input\":{\"@type\":\"PropertyValueSpecification\",\"valueRequired\":true,\"valueName\":\"search_term_string\"}}],\"inLanguage\":\"en-US\"}]}<\/script>\n<!-- \/ Yoast SEO plugin. -->","yoast_head_json":{"title":"Oscar Arenas Larios - Oscar Arenas Larios","robots":{"index":"index","follow":"follow","max-snippet":"max-snippet:-1","max-image-preview":"max-image-preview:large","max-video-preview":"max-video-preview:-1"},"canonical":"https:\/\/arenaslarios.net\/en\/","og_locale":"en_US","og_type":"article","og_title":"Oscar Arenas Larios - Oscar Arenas Larios","og_description":"[vc_row type=&#8221;full_width_background&#8221; full_screen_row_position=&#8221;middle&#8221; column_margin=&#8221;custom&#8221; column_margin_custom=&#8221;5%&#8221; column_direction=&#8221;default&#8221; column_direction_tablet=&#8221;default&#8221; column_direction_phone=&#8221;default&#8221; scene_position=&#8221;center&#8221; top_padding=&#8221;8%&#8221; constrain_group_1=&#8221;yes&#8221; bottom_padding=&#8221;8%&#8221; text_color=&#8221;dark&#8221; text_align=&#8221;left&#8221; row_border_radius=&#8221;none&#8221; row_border_radius_applies=&#8221;bg&#8221; overflow=&#8221;visible&#8221; overlay_strength=&#8221;0.3&#8243; gradient_direction=&#8221;left_to_right&#8221; shape_divider_position=&#8221;bottom&#8221; bg_image_animation=&#8221;none&#8221; shape_type=&#8221;&#8221; gradient_type=&#8221;default&#8221;][vc_column column_padding=&#8221;no-extra-padding&#8221; column_padding_tablet=&#8221;inherit&#8221; column_padding_phone=&#8221;inherit&#8221; column_padding_position=&#8221;all&#8221; column_element_direction_desktop=&#8221;default&#8221; column_element_spacing=&#8221;default&#8221; desktop_text_alignment=&#8221;default&#8221;...","og_url":"https:\/\/arenaslarios.net\/en\/","og_site_name":"Oscar Arenas Larios","article_modified_time":"2025-09-26T10:15:14+00:00","twitter_card":"summary_large_image","twitter_misc":{"Est. reading time":"7 minutes"},"schema":{"@context":"https:\/\/schema.org","@graph":[{"@type":"WebPage","@id":"https:\/\/arenaslarios.net\/en\/","url":"https:\/\/arenaslarios.net\/en\/","name":"Oscar Arenas Larios - Oscar Arenas Larios","isPartOf":{"@id":"https:\/\/arenaslarios.net\/en\/#website"},"datePublished":"2023-12-05T21:17:00+00:00","dateModified":"2025-09-26T10:15:14+00:00","breadcrumb":{"@id":"https:\/\/arenaslarios.net\/en\/#breadcrumb"},"inLanguage":"en-US","potentialAction":[{"@type":"ReadAction","target":["https:\/\/arenaslarios.net\/en\/"]}]},{"@type":"BreadcrumbList","@id":"https:\/\/arenaslarios.net\/en\/#breadcrumb","itemListElement":[{"@type":"ListItem","position":1,"name":"Portada","item":"https:\/\/arenaslarios.net\/en\/oscar-arenas-larios\/"},{"@type":"ListItem","position":2,"name":"Oscar Arenas Larios"}]},{"@type":"WebSite","@id":"https:\/\/arenaslarios.net\/en\/#website","url":"https:\/\/arenaslarios.net\/en\/","name":"Oscar Arenas Larios","description":"Innovative thinking &amp; creative writing","potentialAction":[{"@type":"SearchAction","target":{"@type":"EntryPoint","urlTemplate":"https:\/\/arenaslarios.net\/en\/?s={search_term_string}"},"query-input":{"@type":"PropertyValueSpecification","valueRequired":true,"valueName":"search_term_string"}}],"inLanguage":"en-US"}]}},"_links":{"self":[{"href":"https:\/\/arenaslarios.net\/en\/wp-json\/wp\/v2\/pages\/3188","targetHints":{"allow":["GET"]}}],"collection":[{"href":"https:\/\/arenaslarios.net\/en\/wp-json\/wp\/v2\/pages"}],"about":[{"href":"https:\/\/arenaslarios.net\/en\/wp-json\/wp\/v2\/types\/page"}],"author":[{"embeddable":true,"href":"https:\/\/arenaslarios.net\/en\/wp-json\/wp\/v2\/users\/1"}],"replies":[{"embeddable":true,"href":"https:\/\/arenaslarios.net\/en\/wp-json\/wp\/v2\/comments?post=3188"}],"version-history":[{"count":2,"href":"https:\/\/arenaslarios.net\/en\/wp-json\/wp\/v2\/pages\/3188\/revisions"}],"predecessor-version":[{"id":3211,"href":"https:\/\/arenaslarios.net\/en\/wp-json\/wp\/v2\/pages\/3188\/revisions\/3211"}],"wp:attachment":[{"href":"https:\/\/arenaslarios.net\/en\/wp-json\/wp\/v2\/media?parent=3188"}],"curies":[{"name":"wp","href":"https:\/\/api.w.org\/{rel}","templated":true}]}}